{"id":192,"date":"2025-11-28T06:56:45","date_gmt":"2025-11-28T06:56:45","guid":{"rendered":"https:\/\/rakennuspeltikukkonen.fi\/index.php\/rakennuspelti-t-kukkonen-oy\/"},"modified":"2025-12-27T16:42:11","modified_gmt":"2025-12-27T14:42:11","slug":"rakennuspelti-t-kukkonen-oy","status":"publish","type":"page","link":"https:\/\/rakennuspeltikukkonen.fi\/","title":{"rendered":"Rakennuspelti T.Kukkonen Oy"},"content":{"rendered":"<div class=\"\" style=\"\" >\n  \n    <section class=\"skrollable u-clearfix u-image u-shading u-section-1\" id=\"sec-4867\">\n      <div class=\"u-clearfix u-sheet u-sheet-1\">\n        <a href=\"https:\/\/rakennuspeltikukkonen.fi\/index.php\/rakennuspelti-t-kukkonen-oy\/#sec-9002\" class=\"u-active-none u-align-center-xs u-btn u-button-style u-hover-none u-none u-text-hover-white u-btn-1\"><span class=\"u-icon u-icon-circle u-palette-2-base u-spacing-10 u-icon-1\"><svg xmlns=\"http:\/\/www.w3.org\/2000\/svg\" xmlns:xlink=\"http:\/\/www.w3.org\/1999\/xlink\" version=\"1.1\" xml:space=\"preserve\" class=\"u-svg-content\" viewBox=\"0 0 405.333 405.333\" x=\"0px\" y=\"0px\" style=\"width: 1em; height: 1em;\"><path d=\"M373.333,266.88c-25.003,0-49.493-3.904-72.704-11.563c-11.328-3.904-24.192-0.896-31.637,6.699l-46.016,34.752    c-52.8-28.181-86.592-61.952-114.389-114.368l33.813-44.928c8.512-8.512,11.563-20.971,7.915-32.64    C142.592,81.472,138.667,56.96,138.667,32c0-17.643-14.357-32-32-32H32C14.357,0,0,14.357,0,32    c0,205.845,167.488,373.333,373.333,373.333c17.643,0,32-14.357,32-32V298.88C405.333,281.237,390.976,266.88,373.333,266.88z\"><\/path><\/svg><img><\/span>&nbsp;045 165 2386&nbsp;\n        <\/a>\n        <h1 class=\"u-align-center-xs u-text u-text-default u-title u-text-1\">Rakennuspelti T.Kukkonen Oy<\/h1>\n      <\/div>\n    <\/section>\n    <section class=\"u-align-center u-clearfix u-palette-2-base u-section-2\" id=\"sec-7988\">\n      <div class=\"u-clearfix u-sheet u-valign-middle u-sheet-1\">\n        <h1 class=\"u-custom-font u-text u-text-1\">Peltisep\u00e4n palvelut ja kattoremontit Keski-Suomen alueella&nbsp;<\/h1>\n        <p class=\"u-align-center-lg u-align-center-md u-align-center-sm u-align-center-xl u-text u-text-2\">Tarjoamme kattavat peltisep\u00e4n palvelut Keski-Suomen alueella kaikenkokoisiin kohteisiin omakotitaloista rivitaloihin, taloyhti\u00f6ihin ja liikekiinteist\u00f6ihin. Erikoisosaamistamme ovat konesaumakatot, vaativat peltity\u00f6t, kattoremontit, sadevesij\u00e4rjestelm\u00e4t, rakennuspellitykset ja kattoturvatuotteiden asennus.&nbsp;<br>\n          <br>Ty\u00f6mme perustuu kokeneeseen henkil\u00f6st\u00f6\u00f6n, laadukkaisiin materiaaleihin ja selke\u00e4\u00e4n asiakaspalveluun. Jokainen kohde kartoitetaan huolellisesti ja toteutetaan yksil\u00f6llisesti rakennuksen rakenteet ja asiakkaan toiveet huomioiden. <br>\n          <br>Olipa kyseess\u00e4 kokonaisvaltainen kattoremontti tai yksitt\u00e4inen peltity\u00f6, pid\u00e4mme huolen, ett\u00e4 ty\u00f6 sujuu sovitussa aikataulussa ja lopputulos kest\u00e4\u00e4 aikaa. Panostamme siistiin ty\u00f6nj\u00e4lkeen ja turvalliseen toteutukseen.&nbsp;<br>\n          <br>Meilt\u00e4 saat laadukkaat peltisep\u00e4n palvelut avaimet k\u00e4teen periaatteella alusta loppuun saakka!\n        <\/p>\n        <a href=\"mailto:info@rakennuspeltikukkonen.fi\" class=\"u-border-3 u-border-grey-75 u-btn u-btn-round u-button-style u-hover-palette-2-light-2 u-radius-50 u-text-palette-2-base u-white u-btn-1\">Varaa maksuton kartoitusk\u00e4ynti<\/a>\n      <\/div>\n    <\/section>\n    <section class=\"u-align-center u-clearfix u-section-3\" id=\"sec-17c1\">\n      <div class=\"u-clearfix u-sheet u-valign-middle-md u-sheet-1\">\n        <div class=\"u-expanded-width u-tab-links-align-justify u-tabs u-tabs-1\">\n          <ul class=\"u-tab-list u-unstyled\" role=\"tablist\">\n            <li class=\"u-tab-item\" role=\"presentation\">\n              <a class=\"active u-active-palette-2-base u-border-1 u-border-active-grey-15 u-border-hover-grey-15 u-border-no-bottom u-button-style u-palette-2-light-1 u-tab-link u-text-active-white u-text-hover-white u-tab-link-1\" id=\"link-tab-0da5\" href=\"#tab-0da5\" role=\"tab\" aria-controls=\"tab-0da5\" aria-selected=\"true\">Kattoremontti<\/a>\n            <\/li>\n            <li class=\"u-tab-item u-tab-item-2\" role=\"presentation\">\n              <a class=\"u-active-palette-2-base u-border-1 u-border-active-grey-15 u-border-hover-grey-15 u-border-no-bottom u-button-style u-palette-2-light-1 u-tab-link u-text-active-white u-text-hover-white u-tab-link-2\" id=\"link-tab-6f1d\" href=\"#tab-6f1d\" role=\"tab\" aria-controls=\"tab-6f1d\" aria-selected=\"false\">Rakennuspellitys<\/a>\n            <\/li>\n            <li class=\"u-tab-item u-tab-item-3\" role=\"presentation\">\n              <a class=\"u-active-palette-2-base u-border-1 u-border-active-grey-15 u-border-hover-grey-15 u-border-no-bottom u-button-style u-palette-2-light-1 u-tab-link u-text-active-white u-text-hover-white u-tab-link-3\" id=\"link-tab-eb29\" href=\"#tab-eb29\" role=\"tab\" aria-controls=\"tab-eb29\" aria-selected=\"false\">Sadevesij\u00e4rjestelm\u00e4t<\/a>\n            <\/li>\n            <li class=\"u-tab-item u-tab-item-4\" role=\"presentation\">\n              <a class=\"u-active-palette-2-base u-border-1 u-border-active-grey-15 u-border-hover-grey-15 u-border-no-bottom u-button-style u-palette-2-light-1 u-tab-link u-text-active-white u-text-hover-white u-tab-link-4\" id=\"link-tab-bfc9\" href=\"#tab-bfc9\" role=\"tab\" aria-controls=\"tab-bfc9\" aria-selected=\"false\">Kattoturvatuotteet<\/a>\n            <\/li>\n          <\/ul>\n          <div class=\"u-tab-content\">\n            <div class=\"u-container-style u-tab-active u-tab-pane u-white u-tab-pane-1\" id=\"tab-0da5\" role=\"tabpanel\" aria-labelledby=\"link-tab-0da5\">\n              <div class=\"u-container-layout u-valign-top-md u-container-layout-1\">\n                <img decoding=\"async\" alt=\"\" class=\"u-align-center-sm u-align-center-xs u-expanded-width-xs u-image u-image-round u-radius-25 u-image-1\" src=\"https:\/\/rakennuspeltikukkonen.fi\/wp-content\/uploads\/2025\/11\/Konesaumakatto-15.jpg\">\n                <h4 class=\"u-align-center-sm u-align-center-xs u-text u-text-1\">Kattoremontti<\/h4>\n                <p class=\"u-align-left-sm u-align-left-xs u-text u-text-2\">Katon kunto vaikuttaa koko rakennuksen arvoon ja turvallisuuteen. Teemme kattoremontit avaimet k\u00e4teen -periaatteella. K\u00e4yt\u00e4mme laadukkaita materiaaleja, olipa kyseess\u00e4 pelti-, tiili- tai huopakatto.\u200b Asennuksella on aina 5 vuoden takuu ja kattomateriaalilla 20-50 takuu kattomateriaalista riippuen.<\/p>\n                <ul class=\"u-align-left-sm u-align-left-xs u-text u-text-3\">\n                  <li>\n                    <div class=\"class u-list-icon\"><\/div>Kattoremontit omakoti- ja rivitaloihin<br>\n                  <\/li>\n                  <li>\n                    <div class=\"class u-list-icon\"><\/div>Konesaumakatot mittatilausty\u00f6n\u00e4\n                  <\/li>\n                  <li>\n                    <div class=\"class u-list-icon\"><\/div>Tiili- ja huopakattojen uusiminen peltikatoksi \n                  <\/li>\n                  <li>\n                    <div class=\"class u-list-icon\"><\/div>Katon lis\u00e4eristys ja tuuletuksen parantaminen\n                  <\/li>\n                <\/ul>\n              <\/div>\n            <\/div>\n            <div class=\"u-container-style u-tab-pane u-white u-tab-pane-2\" id=\"tab-6f1d\" role=\"tabpanel\" aria-labelledby=\"link-tab-6f1d\">\n              <div class=\"u-container-layout u-valign-top-lg u-valign-top-md u-valign-top-xl u-container-layout-2\">\n                <img decoding=\"async\" alt=\"\" class=\"u-align-center-sm u-align-center-xs u-expanded-width-xs u-image u-image-round u-radius-25 u-image-2\" data-image-width=\"733\" data-image-height=\"800\" src=\"https:\/\/rakennuspeltikukkonen.fi\/wp-content\/uploads\/2025\/11\/Vipottajat-15.jpg\">\n                <h4 class=\"u-align-center-sm u-align-center-xs u-text u-text-4\">Rakennuspellitykset<\/h4>\n                <p class=\"u-align-left-sm u-align-left-xs u-text u-text-5\">Teemme rakennuspellitykset kuten ikkunapellit, piipunpellitykset ja reunapellit mittatilausty\u00f6n\u00e4 kohteen mukaan. K\u00e4yt\u00e4mme vain laadukkaita materiaaleja, jotka kest\u00e4v\u00e4t Suomen vaihtelevia s\u00e4\u00e4olosuhteita.<\/p>\n                <ul class=\"u-align-left-sm u-align-left-xs u-text u-text-6\">\n                  <li>\n                    <div class=\"class u-list-icon\"><\/div>Vaativat rakennuspellitykset\n                  <\/li>\n                  <li>\n                    <div class=\"class u-list-icon\"><\/div>Ikkuna- ja reunalistat mittojen mukaan\n                  <\/li>\n                  <li>\n                    <div class=\"class u-list-icon\"><\/div>Julkisivujen viimeistelypellitykset\n                  <\/li>\n                  <li>\n                    <div class=\"class u-list-icon\"><\/div>Piipunhatut ja piipunpellitykset kaikille kattotyypeille<br>\n                  <\/li>\n                <\/ul>\n              <\/div>\n            <\/div>\n            <div class=\"u-container-style u-tab-pane u-white u-tab-pane-3\" id=\"tab-eb29\" role=\"tabpanel\" aria-labelledby=\"link-tab-eb29\">\n              <div class=\"u-container-layout u-valign-top-lg u-valign-top-md u-valign-top-xl u-container-layout-3\">\n                <img decoding=\"async\" alt=\"\" class=\"u-align-center-sm u-align-center-xs u-expanded-width-xs u-image u-image-round u-radius-25 u-image-3\" src=\"https:\/\/rakennuspeltikukkonen.fi\/wp-content\/uploads\/2025\/11\/sadevesijrjestelmt-15.jpg\">\n                <h4 class=\"u-align-center-sm u-align-center-xs u-text u-text-7\">Sadevesij\u00e4rjestelm\u00e4t<\/h4>\n                <p class=\"u-align-left-sm u-align-left-xs u-text u-text-8\">Toimiva sadevesij\u00e4rjestelm\u00e4 ohjaa vedet hallitusti pois katolta ja suojaa rakennuksen perustuksia. Asennamme sadevesij\u00e4rjestelm\u00e4t mittojen mukaan rakennuksen ulkon\u00e4k\u00f6\u00f6n sopiviksi.<\/p>\n                <ul class=\"u-align-left-sm u-align-left-xs u-text u-text-9\">\n                  <li>\n                    <div class=\"class u-list-icon\"><\/div>Peltisep\u00e4n mittatilausty\u00f6n\u00e4 valmistetut kourut ja sy\u00f6ksyt \n                  <\/li>\n                  <li>\n                    <div class=\"class u-list-icon\"><\/div>Pystykourut, eli jalkar\u00e4nnit peltisep\u00e4nty\u00f6n\u00e4<br>\n                  <\/li>\n                  <li>\n                    <div class=\"class u-list-icon\"><\/div>Vesikourujen ja sy\u00f6ksytorvien asennus\n                  <\/li>\n                  <li> Sadevesij\u00e4rjestelmien tarkastus ja vuotokorjaukset<br>\n                  <\/li>\n                <\/ul>\n              <\/div>\n            <\/div>\n            <div class=\"u-container-style u-tab-pane u-white u-tab-pane-4\" id=\"tab-bfc9\" role=\"tabpanel\" aria-labelledby=\"link-tab-bfc9\">\n              <div class=\"u-container-layout u-valign-top-lg u-valign-top-md u-valign-top-xl u-container-layout-4\">\n                <img decoding=\"async\" alt=\"\" class=\"u-align-center-sm u-align-center-xs u-expanded-width-xs u-image u-image-round u-radius-25 u-image-4\" src=\"https:\/\/rakennuspeltikukkonen.fi\/wp-content\/uploads\/2025\/11\/Kattoturvatuotteet-15.jpg\">\n                <h4 class=\"u-align-center-sm u-align-center-xs u-text u-text-10\">Kattoturvatuotteet<\/h4>\n                <p class=\"u-align-left-sm u-align-left-xs u-text u-text-11\">Kattoturvatuotteet, kuten lumiesteet, kattosillat ja tikkaat varmistavat turvallisen liikkumisen katolla. Asennamme kattoturvatuotteet kaikille kattotyypeille. K\u00e4yt\u00e4mme vain kotimaisia, CE-hyv\u00e4ksyttyj\u00e4 kattoturvatuotteita, jotka on suunniteltu kest\u00e4m\u00e4\u00e4n Suomen vaihtelevia s\u00e4\u00e4olosuhteita <\/p>\n                <ul class=\"u-align-left-sm u-align-left-xs u-text u-text-12\">\n                  <li> Kattoturvatuotteet kaikkiin kattotyyppeihin (pelti, tiili, huopa)<br>\n                  <\/li>\n                  <li>\n                    <div class=\"class u-list-icon\"><\/div>Kattosiltojen ja kulkusiltojen asennus \n                  <\/li>\n                  <li>\n                    <div class=\"class u-list-icon\"><\/div>Lumiesteiden asennus ja huolto \n                  <\/li>\n                  <li>\n                    <div class=\"class u-list-icon\"><\/div>Talotikkaat ja sein\u00e4tikkaat \n                  <\/li>\n                  <li>\n                    <div class=\"class u-list-icon\"><\/div>Kattoturvatuotteiden tarkastus ja kunnossapito\n                  <\/li>\n                <\/ul>\n              <\/div>\n            <\/div>\n          <\/div>\n        <\/div>\n      <\/div>\n    <\/section>\n    <section class=\"skrollable u-align-center u-clearfix u-image u-shading u-section-4\" id=\"sec-9002\">\n      <div class=\"u-clearfix u-sheet u-sheet-1\">\n        <p class=\"u-text u-text-1\">KONESAUMAKATTO | KATTOREMONTTI | PELTISEPP\u00c4 | KESKI-SUOMI<\/p>\n        <h1 class=\"u-custom-font u-font-Lobster u-text u-title u-text-2\">Rakennuspelti T.Kukkonen Oy<\/h1>\n        <div class=\"u-clearfix u-gutter-10 u-layout-wrap u-layout-wrap-1\">\n          <div class=\"u-layout\">\n            <div class=\"u-layout-row\">\n              <div class=\"u-align-center-sm u-align-center-xs u-align-left-lg u-align-left-md u-align-left-xl u-container-style u-layout-cell u-left-cell u-size-27 u-layout-cell-1\">\n                <div class=\"u-container-layout u-container-layout-1\">\n                  <h2 class=\"u-custom-font u-font-Lobster u-text u-text-3\">Yhteystiedot<\/h2>\n                  <p class=\"u-text u-text-4\">Havulankankaantie 11<\/p>\n                  <p class=\"u-text u-text-5\">41660 Toivakka<\/p>\n                  <p class=\"u-text u-text-6\">Y-tunnus 3533739-1<\/p>\n                  <p class=\"u-text u-text-7\">045 165 2386<\/p>\n                  <p class=\"u-text u-text-8\">info@rakennuspeltikukkonen.fi<\/p>\n                  <img decoding=\"async\" src=\"https:\/\/rakennuspeltikukkonen.fi\/wp-content\/uploads\/2025\/11\/Konesaumakatto-15.png\" alt=\"\" class=\"u-align-center-sm u-align-center-xs u-image u-image-round u-radius-20 u-image-1\" data-image-width=\"792\" data-image-height=\"393\">\n                <\/div>\n              <\/div>\n              <div class=\"u-align-left u-container-style u-layout-cell u-right-cell u-size-33 u-layout-cell-2\">\n                <div class=\"u-container-layout u-container-layout-2\">\n                  <h2 class=\"u-custom-font u-font-Lobster u-text u-text-9\">Ota Yhteytt\u00e4<\/h2>\n                  <div class=\"u-form u-form-1\">\n                    <form action=\"https:\/\/rakennuspeltikukkonen.fi\/wp-content\/plugins\/nicepage\/templates\/form.php?id=192&formId=9002\" method=\"POST\" class=\"u-clearfix u-form-spacing-15 u-form-vertical u-inner-form\" style=\"padding: 15px;\" source=\"customphp\">\n                      <div class=\"u-form-group u-form-name\">\n                        <label for=\"name-0cec\" class=\"u-form-control-hidden u-label\"><\/label>\n                        <input type=\"text\" placeholder=\"Nimi\" id=\"name-0cec\" name=\"Nimi\" class=\"u-border-no-bottom u-border-no-left u-border-no-right u-border-no-top u-input u-input-rectangle u-white\" required=\"\">\n                      <\/div>\n                      <div class=\"u-form-email u-form-group\">\n                        <label for=\"email-0cec\" class=\"u-form-control-hidden u-label\">Email<\/label>\n                        <input type=\"email\" id=\"email-0cec\" name=\"email\" class=\"u-border-no-bottom u-border-no-left u-border-no-right u-border-no-top u-input u-input-rectangle u-white\" required=\"\" placeholder=\"S\u00e4hk\u00f6posti\">\n                      <\/div>\n                      <div class=\"u-form-group u-form-select u-form-group-3\">\n                        <label for=\"select-c48e\" class=\"u-form-control-hidden u-label\">Select<\/label>\n                        <div class=\"u-form-select-wrapper\">\n                          <select id=\"select-c48e\" name=\"Aihe\" class=\"u-border-no-bottom u-border-no-left u-border-no-right u-border-no-top u-input u-input-rectangle u-white\" required=\"required\">\n                            <option value=\"Tarjouspyynt\u00f6\">Tarjouspyynt\u00f6<\/option>\n                            <option value=\"Yhteydenottopyynt\u00f6\">Yhteydenottopyynt\u00f6<\/option>\n                            <option value=\"Arviok\u00e4ynti\">Arviok\u00e4ynti<\/option>\n                            <option value=\"Muu viesti\">Muu viesti<\/option>\n                          <\/select>\n                          <svg xmlns=\"http:\/\/www.w3.org\/2000\/svg\" width=\"14\" height=\"12\" version=\"1\" class=\"u-caret\"><path fill=\"currentColor\" d=\"M4 8L0 4h8z\"><\/path><\/svg>\n                        <\/div>\n                      <\/div>\n                      <div class=\"u-form-group u-form-message\">\n                        <label for=\"message-0cec\" class=\"u-form-control-hidden u-label\">Address<\/label>\n                        <textarea placeholder=\"Viesti\" rows=\"6\" cols=\"50\" id=\"message-0cec\" name=\"Viesti\" class=\"u-border-no-bottom u-border-no-left u-border-no-right u-border-no-top u-input u-input-rectangle u-white\" required=\"\"><\/textarea>\n                      <\/div>\n                      <div class=\"u-form-group u-form-submit\">\n                        <a href=\"#\" class=\"u-btn u-btn-submit u-button-style u-hover-palette-2-dark-1 u-palette-2-base u-btn-1\"><b>L\u00e4het\u00e4<\/b>\n                          <br>\n                        <\/a>\n                        <input type=\"submit\" value=\"submit\" class=\"u-form-control-hidden\">\n                      <\/div>\n                      <div class=\"u-form-send-message u-form-send-success\">Viesti l\u00e4hetetty!<\/div>\n                      <div class=\"u-form-send-error u-form-send-message\">Viestin l\u00e4hetys ep\u00e4onnistui!<\/div>\n                      <input type=\"hidden\" value=\"\" name=\"recaptchaResponse\">\n                    <\/form>\n                  <\/div>\n                <\/div>\n              <\/div>\n            <\/div>\n          <\/div>\n        <\/div>\n      <\/div>\n    <\/section>\n    \n    \n    \n  \n<\/div>","protected":false},"excerpt":{"rendered":"<p>&nbsp;045 165 2386&nbsp; Rakennuspelti T.Kukkonen Oy Peltisep\u00e4n palvelut ja kattoremontit Keski-Suomen alueella&nbsp; Tarjoamme kattavat peltisep\u00e4n palvelut Keski-Suomen alueella kaikenkokoisiin kohteisiin omakotitaloista rivitaloihin, taloyhti\u00f6ihin ja liikekiinteist\u00f6ihin. Erikoisosaamistamme ovat konesaumakatot, vaativat peltity\u00f6t, kattoremontit, sadevesij\u00e4rjestelm\u00e4t, rakennuspellitykset ja kattoturvatuotteiden asennus.&nbsp; Ty\u00f6mme perustuu kokeneeseen henkil\u00f6st\u00f6\u00f6n, laadukkaisiin materiaaleihin ja selke\u00e4\u00e4n asiakaspalveluun. Jokainen kohde kartoitetaan huolellisesti ja toteutetaan yksil\u00f6llisesti rakennuksen rakenteet ja [&hellip;]<\/p>\n","protected":false},"author":1,"featured_media":0,"parent":0,"menu_order":1,"comment_status":"closed","ping_status":"closed","template":"","meta":{"footnotes":""},"class_list":["post-192","page","type-page","status-publish","hentry"],"_links":{"self":[{"href":"https:\/\/rakennuspeltikukkonen.fi\/index.php\/wp-json\/wp\/v2\/pages\/192","targetHints":{"allow":["GET"]}}],"collection":[{"href":"https:\/\/rakennuspeltikukkonen.fi\/index.php\/wp-json\/wp\/v2\/pages"}],"about":[{"href":"https:\/\/rakennuspeltikukkonen.fi\/index.php\/wp-json\/wp\/v2\/types\/page"}],"author":[{"embeddable":true,"href":"https:\/\/rakennuspeltikukkonen.fi\/index.php\/wp-json\/wp\/v2\/users\/1"}],"replies":[{"embeddable":true,"href":"https:\/\/rakennuspeltikukkonen.fi\/index.php\/wp-json\/wp\/v2\/comments?post=192"}],"version-history":[{"count":4,"href":"https:\/\/rakennuspeltikukkonen.fi\/index.php\/wp-json\/wp\/v2\/pages\/192\/revisions"}],"predecessor-version":[{"id":201,"href":"https:\/\/rakennuspeltikukkonen.fi\/index.php\/wp-json\/wp\/v2\/pages\/192\/revisions\/201"}],"wp:attachment":[{"href":"https:\/\/rakennuspeltikukkonen.fi\/index.php\/wp-json\/wp\/v2\/media?parent=192"}],"curies":[{"name":"wp","href":"https:\/\/api.w.org\/{rel}","templated":true}]}}